{"id":242374,"date":"2021-07-31T13:47:48","date_gmt":"2021-07-31T13:47:48","guid":{"rendered":"https:\/\/demo.divi-pixel.com\/medical\/?page_id=242374"},"modified":"2023-01-24T19:18:11","modified_gmt":"2023-01-24T18:18:11","slug":"404-error-page","status":"publish","type":"page","link":"https:\/\/chiropracteur-strasbourg.com\/index.php\/404-error-page\/","title":{"rendered":"404 Error Page"},"content":{"rendered":"<p>[et_pb_section fb_built=\u00a0\u00bb1&Prime; _builder_version=\u00a0\u00bb4.19.0&Prime; _module_preset=\u00a0\u00bbdefault\u00a0\u00bb background_image=\u00a0\u00bbhttps:\/\/demo.divi-pixel.com\/medical\/wp-content\/uploads\/sites\/14\/2021\/07\/medical-shape-01.svg\u00a0\u00bb background_size=\u00a0\u00bbcontain\u00a0\u00bb custom_padding=\u00a0\u00bb||||false|false\u00a0\u00bb hover_enabled=\u00a0\u00bb0&Prime; global_colors_info=\u00a0\u00bb{}\u00a0\u00bb custom_margin=\u00a0\u00bb200px||50px||false|false\u00a0\u00bb sticky_enabled=\u00a0\u00bb0&Prime; background_color=\u00a0\u00bbRGBA(255,255,255,0)\u00a0\u00bb][et_pb_row _builder_version=\u00a0\u00bb4.16&Prime; _module_preset=\u00a0\u00bbdefault\u00a0\u00bb width_tablet=\u00a0\u00bb\u00a0\u00bb width_phone=\u00a0\u00bb90%\u00a0\u00bb width_last_edited=\u00a0\u00bbon|phone\u00a0\u00bb global_colors_info=\u00a0\u00bb{}\u00a0\u00bb][et_pb_column type=\u00a0\u00bb4_4&Prime; _builder_version=\u00a0\u00bb4.16&Prime; _module_preset=\u00a0\u00bbdefault\u00a0\u00bb global_colors_info=\u00a0\u00bb{}\u00a0\u00bb][dipi_lottie_icon json_file=\u00a0\u00bbhttps:\/\/demo.divi-pixel.com\/medical\/wp-content\/uploads\/sites\/14\/2021\/07\/lf30_editor_g6siaphp.json\u00a0\u00bb stop_on_hover=\u00a0\u00bboff\u00a0\u00bb speed=\u00a0\u00bb1.3&Prime; lottie_width=\u00a0\u00bb55%\u00a0\u00bb lottie_width_tablet=\u00a0\u00bb85%\u00a0\u00bb lottie_width_phone=\u00a0\u00bb90%\u00a0\u00bb lottie_width_last_edited=\u00a0\u00bbon|desktop\u00a0\u00bb _builder_version=\u00a0\u00bb4.16&Prime; _module_preset=\u00a0\u00bbdefault\u00a0\u00bb custom_margin=\u00a0\u00bb||0px||false|false\u00a0\u00bb global_colors_info=\u00a0\u00bb{}\u00a0\u00bb][\/dipi_lottie_icon][et_pb_cta title=\u00a0\u00bbErreur 404&Prime; button_url=\u00a0\u00bbhttp:\/\/chiropracteur-strasbourg.com\u00a0\u00bb button_text=\u00a0\u00bbRevenir \u00e0 l&rsquo;accueil\u00a0\u00bb _builder_version=\u00a0\u00bb4.19.0&Prime; _module_preset=\u00a0\u00bbdefault\u00a0\u00bb header_text_color=\u00a0\u00bb#596b73&Prime; header_font_size=\u00a0\u00bb78px\u00a0\u00bb body_text_color=\u00a0\u00bbrgba(8,24,48,0.6)\u00a0\u00bb body_font_size=\u00a0\u00bb26px\u00a0\u00bb body_line_height=\u00a0\u00bb1.4em\u00a0\u00bb background_color=\u00a0\u00bbRGBA(0,0,0,0)\u00a0\u00bb custom_button=\u00a0\u00bbon\u00a0\u00bb button_bg_color=\u00a0\u00bb#596b73&Prime; button_border_color=\u00a0\u00bb#09A2D6&Prime; max_width=\u00a0\u00bb800px\u00a0\u00bb module_alignment=\u00a0\u00bbcenter\u00a0\u00bb custom_margin=\u00a0\u00bb-50px||||false|false\u00a0\u00bb custom_margin_tablet=\u00a0\u00bb-20px||||false|false\u00a0\u00bb custom_margin_phone=\u00a0\u00bb0px||||false|false\u00a0\u00bb custom_margin_last_edited=\u00a0\u00bbon|phone\u00a0\u00bb custom_padding=\u00a0\u00bb0px||||false|false\u00a0\u00bb hover_enabled=\u00a0\u00bb0&Prime; header_font_size_tablet=\u00a0\u00bb53px\u00a0\u00bb header_font_size_phone=\u00a0\u00bb30px\u00a0\u00bb header_font_size_last_edited=\u00a0\u00bbon|tablet\u00a0\u00bb body_font_size_tablet=\u00a0\u00bb21px\u00a0\u00bb body_font_size_phone=\u00a0\u00bb18px\u00a0\u00bb body_font_size_last_edited=\u00a0\u00bbon|phone\u00a0\u00bb custom_css_promo_description=\u00a0\u00bbmargin-bottom: 10px;\u00a0\u00bb global_colors_info=\u00a0\u00bb{}\u00a0\u00bb button_border_color__hover_enabled=\u00a0\u00bbon|hover\u00a0\u00bb button_border_color__hover=\u00a0\u00bb#09A2D6&Prime; button_bg_enable_color=\u00a0\u00bbon\u00a0\u00bb sticky_enabled=\u00a0\u00bb0&Prime;]<\/p>\n<p>D\u00e9sol\u00e9, cette page n&rsquo;existe pas.<\/p>\n<p>\u00cates-vous s\u00fbr d&rsquo;avoir cherch\u00e9 la bonne adresse ?<\/p>\n<p>[\/et_pb_cta][\/et_pb_column][\/et_pb_row][\/et_pb_section]<\/p>\n","protected":false},"excerpt":{"rendered":"<p><div class=\"et_pb_module dipi_lottie_icon dipi_lottie_icon_0\">\n\t\t\t\t\n\t\t\t\t\n\t\t\t\t\n\t\t\t\t\n\t\t\t\t\n\t\t\t\t\n\t\t\t\t<div class=\"et_pb_module_inner\">\n\t\t\t\t\t<div class=\"dipi-lottie-wrapper dipi_lottie_placement_top dipi_lottie_placement_top_tablet dipi_lottie_placement_top_phone\">\n                    <div class=\"dipi-lottie-icon\" data-options=\"{&quot;path&quot;:&quot;https:\\\/\\\/demo.divi-pixel.com\\\/medical\\\/wp-content\\\/uploads\\\/sites\\\/14\\\/2021\\\/07\\\/lf30_editor_g6siaphp.json&quot;,&quot;ext&quot;:&quot;json&quot;,&quot;loop&quot;:true,&quot;autoplay&quot;:true,&quot;anim_delay&quot;:&quot;0&quot;,&quot;anim_start&quot;:&quot;autostart&quot;,&quot;anim_start_viewport&quot;:&quot;75%&quot;,&quot;start_frame&quot;:&quot;1&quot;,&quot;speed&quot;:&quot;1.3&quot;,&quot;direction&quot;:&quot;1&quot;,&quot;play_on_hover&quot;:&quot;on&quot;,&quot;stop_on_hover&quot;:&quot;off&quot;,&quot;animate_on_scroll&quot;:&quot;off&quot;,&quot;visibility_start&quot;:&quot;0%&quot;,&quot;visibility_end&quot;:&quot;100%&quot;,&quot;frame_start&quot;:&quot;0&quot;,&quot;frame_end&quot;:&quot;100&quot;}\"><\/div>\n                    \n                <\/div>\n\t\t\t\t<\/div>\n\t\t\t<\/div>D\u00e9sol\u00e9, cette page n&rsquo;existe pas. \u00cates-vous s\u00fbr d&rsquo;avoir cherch\u00e9 la bonne adresse ?<\/p>\n","protected":false},"author":2,"featured_media":0,"parent":0,"menu_order":0,"comment_status":"closed","ping_status":"closed","template":"","meta":{"_et_pb_use_builder":"on","_et_pb_old_content":"","_et_gb_content_width":"","footnotes":""},"dipi_cpt_category":[],"class_list":["post-242374","page","type-page","status-publish","hentry"],"_links":{"self":[{"href":"https:\/\/chiropracteur-strasbourg.com\/index.php\/wp-json\/wp\/v2\/pages\/242374","targetHints":{"allow":["GET"]}}],"collection":[{"href":"https:\/\/chiropracteur-strasbourg.com\/index.php\/wp-json\/wp\/v2\/pages"}],"about":[{"href":"https:\/\/chiropracteur-strasbourg.com\/index.php\/wp-json\/wp\/v2\/types\/page"}],"author":[{"embeddable":true,"href":"https:\/\/chiropracteur-strasbourg.com\/index.php\/wp-json\/wp\/v2\/users\/2"}],"replies":[{"embeddable":true,"href":"https:\/\/chiropracteur-strasbourg.com\/index.php\/wp-json\/wp\/v2\/comments?post=242374"}],"version-history":[{"count":3,"href":"https:\/\/chiropracteur-strasbourg.com\/index.php\/wp-json\/wp\/v2\/pages\/242374\/revisions"}],"predecessor-version":[{"id":22988490,"href":"https:\/\/chiropracteur-strasbourg.com\/index.php\/wp-json\/wp\/v2\/pages\/242374\/revisions\/22988490"}],"wp:attachment":[{"href":"https:\/\/chiropracteur-strasbourg.com\/index.php\/wp-json\/wp\/v2\/media?parent=242374"}],"wp:term":[{"taxonomy":"dipi_cpt_category","embeddable":true,"href":"https:\/\/chiropracteur-strasbourg.com\/index.php\/wp-json\/wp\/v2\/dipi_cpt_category?post=242374"}],"curies":[{"name":"wp","href":"https:\/\/api.w.org\/{rel}","templated":true}]}}